{"id":1081,"date":"2019-04-18T11:20:36","date_gmt":"2019-04-18T11:20:36","guid":{"rendered":"http:\/\/demo.sparklewpthemes.com\/constructionlight\/?page_id=2"},"modified":"2024-02-07T12:28:03","modified_gmt":"2024-02-07T11:28:03","slug":"mentions-legales","status":"publish","type":"page","link":"https:\/\/emeraudehomeconcept.com\/index.php\/mentions-legales\/","title":{"rendered":"Mentions l\u00e9gales"},"content":{"rendered":"\n<div class=\"wp-block-group has-global-padding is-layout-constrained wp-block-group-is-layout-constrained\">\n<div class=\"wp-block-columns is-layout-flex wp-container-core-columns-is-layout-28f84493 wp-block-columns-is-layout-flex\">\n<div class=\"wp-block-column is-layout-flow wp-block-column-is-layout-flow\" style=\"flex-basis:100%\">\n<div class=\"wp-block-group is-vertical is-layout-flex wp-container-core-group-is-layout-fe9cc265 wp-block-group-is-layout-flex\"><span><span><a href=\"https:\/\/emeraudehomeconcept.com\/\">Accueil<\/a><\/span><\/span>\n<\/div>\n<\/div>\n<\/div>\n<\/div>\n\n\n\n<p class=\"has-contrast-dark-color has-text-color has-link-color wp-elements-85cee66412bec31d1fc1c37ae940c84e\">Mentions L\u00e9gales<\/p>\n\n\n\n<p class=\"has-contrast-dark-color has-text-color has-link-color wp-elements-45ca0d1ddba73a21a0e7c6a7a260f63c\">Responsable de la publication<br>Emeraude Home Concept&rsquo;<br>[Adresse de l&rsquo;entreprise]<br>01 64 34 43 57<br>contact@emeraudehomeconcept.com<\/p>\n\n\n\n<p class=\"has-contrast-dark-color has-text-color has-link-color wp-elements-32dce1cc96950ab7a964662a76be91dc\">Directeur de la publication No\u00e9mi S\u00e9bastien<br><\/p>\n\n\n\n<p class=\"has-contrast-dark-color has-text-color has-link-color wp-elements-6290b52d257673b9d48a2d2c7962e486\">H\u00e9bergeur du site<br>OVH SAS<br>Si\u00e8ge social : 2 rue Kellermann &#8211; 59100 Roubaix &#8211; France<br>1007<\/p>\n\n\n\n<p class=\"has-contrast-dark-color has-text-color has-link-color wp-elements-3222d77b1ff8947138cc833f469b30de\">Propri\u00e9t\u00e9 intellectuelle<br>Le contenu de ce site est prot\u00e9g\u00e9 par les lois sur la propri\u00e9t\u00e9 intellectuelle et est la propri\u00e9t\u00e9 exclusive de EHC ou de ses partenaires. Toute reproduction ou utilisation non autoris\u00e9e du contenu, en tout ou en partie, est strictement interdite.<\/p>\n\n\n\n<p class=\"has-contrast-dark-color has-text-color has-link-color wp-elements-b803d8d4e54555c9c9c34f0933db2d40\">Donn\u00e9es personnelles<br>Les informations recueillies \u00e0 travers ce site sont utilis\u00e9es dans le cadre de la relation commerciale avec les utilisateurs. Conform\u00e9ment \u00e0 la loi, vous disposez d&rsquo;un droit d&rsquo;acc\u00e8s, de rectification et de suppression de vos donn\u00e9es personnelles. Pour exercer ce droit, veuillez contacter contact@emeraudehomeconcept.com.<\/p>\n\n\n\n<p class=\"has-contrast-dark-color has-text-color has-link-color wp-elements-d2a9c342781c9bea5e079954c470f865\">Cookies<br>Ce site utilise des cookies pour am\u00e9liorer l&rsquo;exp\u00e9rience utilisateur. En naviguant sur ce site, vous acceptez l&rsquo;utilisation de ces cookies conform\u00e9ment \u00e0 notre politique en mati\u00e8re de cookies.<\/p>\n\n\n\n<p class=\"has-contrast-dark-color has-text-color has-link-color wp-elements-c9c949af15262b64a865b77490fd9533\">Responsabilit\u00e9<br>Malgr\u00e9 tout le soin apport\u00e9 \u00e0 la v\u00e9rification des informations contenues sur ce site, EHC d\u00e9cline toute responsabilit\u00e9 en cas d&rsquo;erreurs ou d&rsquo;omissions. Les utilisateurs sont invit\u00e9s \u00e0 v\u00e9rifier l&rsquo;exactitude des informations avant de prendre toute d\u00e9cision sur la base de celles-ci.<\/p>\n\n\n\n<p class=\"has-contrast-dark-color has-text-color has-link-color wp-elements-220a45d915d0fed8c10eaba52d5ca9ab\">Liens vers des sites tiers<br>Ce site peut contenir des liens vers des sites tiers. EHC n&rsquo;exerce aucun contr\u00f4le sur le contenu de ces sites et d\u00e9cline toute responsabilit\u00e9 quant \u00e0 leur contenu ou \u00e0 leur utilisation.<\/p>\n\n\n\n<p class=\"has-contrast-dark-color has-text-color has-link-color wp-elements-0551bf87c8712c412ee47e866757b361\">Loi applicable et juridiction comp\u00e9tente<br>Les pr\u00e9sentes mentions l\u00e9gales sont soumises au droit fran\u00e7ais. En cas de litige, les tribunaux fran\u00e7ais seront seuls comp\u00e9tents.<\/p>\n\n\n\n<p class=\"has-contrast-dark-color has-text-color has-link-color wp-elements-aecb188f9afbb4775bc593a89e81165a\">Contact<br>Pour toute question ou r\u00e9clamation concernant ce site, veuillez nous contacter \u00e0 l&rsquo;adresse suivante : contact@emeraudehomeconcept.com<\/p>\n\n\n\n<div style=\"height:69px\" aria-hidden=\"true\" class=\"wp-block-spacer\"><\/div>\n","protected":false},"excerpt":{"rendered":"<p>Mentions L\u00e9gales Responsable de la publicationEmeraude Home Concept&rsquo;[Adresse de l&rsquo;entreprise]01 64 34 43 57contact@emeraudehomeconcept.com Directeur de la publication No\u00e9mi S\u00e9bastien H\u00e9bergeur du siteOVH SASSi\u00e8ge social : 2 rue Kellermann &#8211; 59100 Roubaix &#8211; France1007 Propri\u00e9t\u00e9 intellectuelleLe contenu de ce site est prot\u00e9g\u00e9 par les lois sur la propri\u00e9t\u00e9 intellectuelle et est la propri\u00e9t\u00e9 exclusive de [&hellip;]<\/p>\n","protected":false},"author":1,"featured_media":0,"parent":0,"menu_order":0,"comment_status":"closed","ping_status":"closed","template":"mentions-legales","meta":{"om_disable_all_campaigns":false,"_monsterinsights_skip_tracking":false,"_monsterinsights_sitenote_active":false,"_monsterinsights_sitenote_note":"","_monsterinsights_sitenote_category":0,"_ti_tpc_template_sync":false,"_ti_tpc_template_id":"","footnotes":""},"class_list":["post-1081","page","type-page","status-publish","hentry"],"yoast_head":"<!-- This site is optimized with the Yoast SEO plugin v21.8.1 - https:\/\/yoast.com\/wordpress\/plugins\/seo\/ -->\n<title>Mentions l\u00e9gales &#8211; EHC<\/title>\n<meta name=\"robots\" content=\"index, follow, max-snippet:-1, max-image-preview:large, max-video-preview:-1\" \/>\n<link rel=\"canonical\" href=\"https:\/\/emeraudehomeconcept.com\/index.php\/mentions-legales\/\" \/>\n<meta property=\"og:locale\" content=\"fr_FR\" \/>\n<meta property=\"og:type\" content=\"article\" \/>\n<meta property=\"og:title\" content=\"Mentions l\u00e9gales &#8211; EHC\" \/>\n<meta property=\"og:description\" content=\"Mentions L\u00e9gales Responsable de la publicationEmeraude Home Concept&rsquo;[Adresse de l&rsquo;entreprise]01 64 34 43 57contact@emeraudehomeconcept.com Directeur de la publication No\u00e9mi S\u00e9bastien H\u00e9bergeur du siteOVH SASSi\u00e8ge social : 2 rue Kellermann &#8211; 59100 Roubaix &#8211; France1007 Propri\u00e9t\u00e9 intellectuelleLe contenu de ce site est prot\u00e9g\u00e9 par les lois sur la propri\u00e9t\u00e9 intellectuelle et est la propri\u00e9t\u00e9 exclusive de [&hellip;]\" \/>\n<meta property=\"og:url\" content=\"https:\/\/emeraudehomeconcept.com\/index.php\/mentions-legales\/\" \/>\n<meta property=\"og:site_name\" content=\"EHC\" \/>\n<meta property=\"article:modified_time\" content=\"2024-02-07T11:28:03+00:00\" \/>\n<meta name=\"twitter:card\" content=\"summary_large_image\" \/>\n<meta name=\"twitter:label1\" content=\"Dur\u00e9e de lecture estim\u00e9e\" \/>\n\t<meta name=\"twitter:data1\" content=\"2 minutes\" \/>\n<script type=\"application\/ld+json\" class=\"yoast-schema-graph\">{\"@context\":\"https:\/\/schema.org\",\"@graph\":[{\"@type\":\"WebPage\",\"@id\":\"https:\/\/emeraudehomeconcept.com\/index.php\/mentions-legales\/\",\"url\":\"https:\/\/emeraudehomeconcept.com\/index.php\/mentions-legales\/\",\"name\":\"Mentions l\u00e9gales &#8211; EHC\",\"isPartOf\":{\"@id\":\"https:\/\/emeraudehomeconcept.com\/#website\"},\"datePublished\":\"2019-04-18T11:20:36+00:00\",\"dateModified\":\"2024-02-07T11:28:03+00:00\",\"breadcrumb\":{\"@id\":\"https:\/\/emeraudehomeconcept.com\/index.php\/mentions-legales\/#breadcrumb\"},\"inLanguage\":\"fr-FR\",\"potentialAction\":[{\"@type\":\"ReadAction\",\"target\":[\"https:\/\/emeraudehomeconcept.com\/index.php\/mentions-legales\/\"]}]},{\"@type\":\"BreadcrumbList\",\"@id\":\"https:\/\/emeraudehomeconcept.com\/index.php\/mentions-legales\/#breadcrumb\",\"itemListElement\":[{\"@type\":\"ListItem\",\"position\":1,\"name\":\"Accueil\",\"item\":\"https:\/\/emeraudehomeconcept.com\/\"},{\"@type\":\"ListItem\",\"position\":2,\"name\":\"Mentions l\u00e9gales\"}]},{\"@type\":\"WebSite\",\"@id\":\"https:\/\/emeraudehomeconcept.com\/#website\",\"url\":\"https:\/\/emeraudehomeconcept.com\/\",\"name\":\"emeraudehomeconcept.com\",\"description\":\"Emeraude Home Concept\",\"publisher\":{\"@id\":\"https:\/\/emeraudehomeconcept.com\/#organization\"},\"potentialAction\":[{\"@type\":\"SearchAction\",\"target\":{\"@type\":\"EntryPoint\",\"urlTemplate\":\"https:\/\/emeraudehomeconcept.com\/?s={search_term_string}\"},\"query-input\":\"required name=search_term_string\"}],\"inLanguage\":\"fr-FR\"},{\"@type\":\"Organization\",\"@id\":\"https:\/\/emeraudehomeconcept.com\/#organization\",\"name\":\"Emeraude Home Concept\",\"url\":\"https:\/\/emeraudehomeconcept.com\/\",\"logo\":{\"@type\":\"ImageObject\",\"inLanguage\":\"fr-FR\",\"@id\":\"https:\/\/emeraudehomeconcept.com\/#\/schema\/logo\/image\/\",\"url\":\"https:\/\/emeraudehomeconcept.com\/wp-content\/uploads\/2024\/01\/Capture_d_ecran_2024-01-09_a_14.26.30-removebg-preview-edited.png\",\"contentUrl\":\"https:\/\/emeraudehomeconcept.com\/wp-content\/uploads\/2024\/01\/Capture_d_ecran_2024-01-09_a_14.26.30-removebg-preview-edited.png\",\"width\":604,\"height\":340,\"caption\":\"Emeraude Home Concept\"},\"image\":{\"@id\":\"https:\/\/emeraudehomeconcept.com\/#\/schema\/logo\/image\/\"}}]}<\/script>\n<!-- \/ Yoast SEO plugin. -->","yoast_head_json":{"title":"Mentions l\u00e9gales &#8211; EHC","robots":{"index":"index","follow":"follow","max-snippet":"max-snippet:-1","max-image-preview":"max-image-preview:large","max-video-preview":"max-video-preview:-1"},"canonical":"https:\/\/emeraudehomeconcept.com\/index.php\/mentions-legales\/","og_locale":"fr_FR","og_type":"article","og_title":"Mentions l\u00e9gales &#8211; EHC","og_description":"Mentions L\u00e9gales Responsable de la publicationEmeraude Home Concept&rsquo;[Adresse de l&rsquo;entreprise]01 64 34 43 57contact@emeraudehomeconcept.com Directeur de la publication No\u00e9mi S\u00e9bastien H\u00e9bergeur du siteOVH SASSi\u00e8ge social : 2 rue Kellermann &#8211; 59100 Roubaix &#8211; France1007 Propri\u00e9t\u00e9 intellectuelleLe contenu de ce site est prot\u00e9g\u00e9 par les lois sur la propri\u00e9t\u00e9 intellectuelle et est la propri\u00e9t\u00e9 exclusive de [&hellip;]","og_url":"https:\/\/emeraudehomeconcept.com\/index.php\/mentions-legales\/","og_site_name":"EHC","article_modified_time":"2024-02-07T11:28:03+00:00","twitter_card":"summary_large_image","twitter_misc":{"Dur\u00e9e de lecture estim\u00e9e":"2 minutes"},"schema":{"@context":"https:\/\/schema.org","@graph":[{"@type":"WebPage","@id":"https:\/\/emeraudehomeconcept.com\/index.php\/mentions-legales\/","url":"https:\/\/emeraudehomeconcept.com\/index.php\/mentions-legales\/","name":"Mentions l\u00e9gales &#8211; EHC","isPartOf":{"@id":"https:\/\/emeraudehomeconcept.com\/#website"},"datePublished":"2019-04-18T11:20:36+00:00","dateModified":"2024-02-07T11:28:03+00:00","breadcrumb":{"@id":"https:\/\/emeraudehomeconcept.com\/index.php\/mentions-legales\/#breadcrumb"},"inLanguage":"fr-FR","potentialAction":[{"@type":"ReadAction","target":["https:\/\/emeraudehomeconcept.com\/index.php\/mentions-legales\/"]}]},{"@type":"BreadcrumbList","@id":"https:\/\/emeraudehomeconcept.com\/index.php\/mentions-legales\/#breadcrumb","itemListElement":[{"@type":"ListItem","position":1,"name":"Accueil","item":"https:\/\/emeraudehomeconcept.com\/"},{"@type":"ListItem","position":2,"name":"Mentions l\u00e9gales"}]},{"@type":"WebSite","@id":"https:\/\/emeraudehomeconcept.com\/#website","url":"https:\/\/emeraudehomeconcept.com\/","name":"emeraudehomeconcept.com","description":"Emeraude Home Concept","publisher":{"@id":"https:\/\/emeraudehomeconcept.com\/#organization"},"potentialAction":[{"@type":"SearchAction","target":{"@type":"EntryPoint","urlTemplate":"https:\/\/emeraudehomeconcept.com\/?s={search_term_string}"},"query-input":"required name=search_term_string"}],"inLanguage":"fr-FR"},{"@type":"Organization","@id":"https:\/\/emeraudehomeconcept.com\/#organization","name":"Emeraude Home Concept","url":"https:\/\/emeraudehomeconcept.com\/","logo":{"@type":"ImageObject","inLanguage":"fr-FR","@id":"https:\/\/emeraudehomeconcept.com\/#\/schema\/logo\/image\/","url":"https:\/\/emeraudehomeconcept.com\/wp-content\/uploads\/2024\/01\/Capture_d_ecran_2024-01-09_a_14.26.30-removebg-preview-edited.png","contentUrl":"https:\/\/emeraudehomeconcept.com\/wp-content\/uploads\/2024\/01\/Capture_d_ecran_2024-01-09_a_14.26.30-removebg-preview-edited.png","width":604,"height":340,"caption":"Emeraude Home Concept"},"image":{"@id":"https:\/\/emeraudehomeconcept.com\/#\/schema\/logo\/image\/"}}]}},"_links":{"self":[{"href":"https:\/\/emeraudehomeconcept.com\/index.php\/wp-json\/wp\/v2\/pages\/1081","targetHints":{"allow":["GET"]}}],"collection":[{"href":"https:\/\/emeraudehomeconcept.com\/index.php\/wp-json\/wp\/v2\/pages"}],"about":[{"href":"https:\/\/emeraudehomeconcept.com\/index.php\/wp-json\/wp\/v2\/types\/page"}],"author":[{"embeddable":true,"href":"https:\/\/emeraudehomeconcept.com\/index.php\/wp-json\/wp\/v2\/users\/1"}],"replies":[{"embeddable":true,"href":"https:\/\/emeraudehomeconcept.com\/index.php\/wp-json\/wp\/v2\/comments?post=1081"}],"version-history":[{"count":4,"href":"https:\/\/emeraudehomeconcept.com\/index.php\/wp-json\/wp\/v2\/pages\/1081\/revisions"}],"predecessor-version":[{"id":1671,"href":"https:\/\/emeraudehomeconcept.com\/index.php\/wp-json\/wp\/v2\/pages\/1081\/revisions\/1671"}],"wp:attachment":[{"href":"https:\/\/emeraudehomeconcept.com\/index.php\/wp-json\/wp\/v2\/media?parent=1081"}],"curies":[{"name":"wp","href":"https:\/\/api.w.org\/{rel}","templated":true}]}}